{"id":15,"date":"2020-03-30T18:52:23","date_gmt":"2020-03-30T18:52:23","guid":{"rendered":"http:\/\/ortshandwerkerneetze.de\/?page_id=15"},"modified":"2026-02-10T19:01:14","modified_gmt":"2026-02-10T19:01:14","slug":"geschichte","status":"publish","type":"page","link":"https:\/\/ortshandwerkerneetze.de\/?page_id=15","title":{"rendered":"Geschichte"},"content":{"rendered":"\n<p>Nach dem zweiten Weltkrieg war die handwerkliche Organisation funktionsunf\u00e4hig. Die amerikanische Besatzungsmacht sah in den Innungen und Kammern ein Werk des besiegten politischen Systems und duldete keine Initiativen der Handwerkerschaft.<\/p>\n\n\n\n<p>Die Lage der Bev\u00f6lkerung zwang aber zum Einsatz des Handwerks. Ern\u00e4hrung, Bekleidung, Wohnraum und viele andere Dinge mussten beschaffen werden. Ohne eine funktionsf\u00e4hige Handwerksorganisation konnten diese Aufgaben nicht gel\u00f6st werden.<\/p>\n\n\n\n<p>Die Ortshandwerkerschaft Neetze wurde 1946 gegr\u00fcndet. Sie bestand vorerst nur aus acht Gr\u00fcndungsmitgliedern. Der erste Vorsitzende war Willi (Wilhelm) Schumacher von 1946-1952.<\/p>\n\n\n\n<p>Heute stellt sich die Ortshandwerkerschaft Neetze wie folgt dar:<\/p>\n\n\n\n<ul class=\"wp-block-list\">\n<li>25 Mitglieder<\/li>\n\n\n\n<li>Vorsitzender Alexander Karbach<\/li>\n\n\n\n<li>Stellvertreter Frank G\u00e4bel<\/li>\n\n\n\n<li>Kassenwart Ralf Schierwater<\/li>\n\n\n\n<li>Schriftf\u00fchrer Sascha Steffens<\/li>\n<\/ul>\n\n\n\n<p>Die Mitglieder w\u00fcnschen sich einen gesicherten Fortbestand des Handwerks und weiterhin gute Resonanz. Das \u00d6ffentlichkeitsbild des Handwerks und der Kontakt zur Bev\u00f6lkerung ist den Mitgliedern sehr wichtig. Die Ortshandwerkerschaft ist eine Interessengemeinschaft selbstst\u00e4ndiger Handwerksbetriebe, die ihre Aufgaben vor allem im gegenseitigen Erfahrungsaustausch und in der Weiterbildung sieht, sowie in der gemeinsamen Arbeit-<\/p>\n\n\n\n<p class=\"has-text-align-center\"><strong>Alles aus einer Hand<\/strong>.<\/p>\n","protected":false},"excerpt":{"rendered":"<p>Nach dem zweiten Weltkrieg war die handwerkliche Organisation funktionsunf\u00e4hig. Die amerikanische Besatzungsmacht sah in den Innungen und Kammern ein Werk des besiegten politischen Systems und duldete keine Initiativen der Handwerkerschaft. Die Lage der Bev\u00f6lkerung zwang aber zum Einsatz des Handwerks. Ern\u00e4hrung, Bekleidung, Wohnraum und viele andere Dinge mussten beschaffen werden. Ohne eine funktionsf\u00e4hige Handwerksorganisation konnten [&hellip;]<\/p>\n","protected":false},"author":1,"featured_media":0,"parent":0,"menu_order":0,"comment_status":"closed","ping_status":"closed","template":"","meta":{"footnotes":""},"class_list":["post-15","page","type-page","status-publish","hentry","post-preview"],"_links":{"self":[{"href":"https:\/\/ortshandwerkerneetze.de\/index.php?rest_route=\/wp\/v2\/pages\/15","targetHints":{"allow":["GET"]}}],"collection":[{"href":"https:\/\/ortshandwerkerneetze.de\/index.php?rest_route=\/wp\/v2\/pages"}],"about":[{"href":"https:\/\/ortshandwerkerneetze.de\/index.php?rest_route=\/wp\/v2\/types\/page"}],"author":[{"embeddable":true,"href":"https:\/\/ortshandwerkerneetze.de\/index.php?rest_route=\/wp\/v2\/users\/1"}],"replies":[{"embeddable":true,"href":"https:\/\/ortshandwerkerneetze.de\/index.php?rest_route=%2Fwp%2Fv2%2Fcomments&post=15"}],"version-history":[{"count":4,"href":"https:\/\/ortshandwerkerneetze.de\/index.php?rest_route=\/wp\/v2\/pages\/15\/revisions"}],"predecessor-version":[{"id":136,"href":"https:\/\/ortshandwerkerneetze.de\/index.php?rest_route=\/wp\/v2\/pages\/15\/revisions\/136"}],"wp:attachment":[{"href":"https:\/\/ortshandwerkerneetze.de\/index.php?rest_route=%2Fwp%2Fv2%2Fmedia&parent=15"}],"curies":[{"name":"wp","href":"https:\/\/api.w.org\/{rel}","templated":true}]}}