{"id":17,"date":"2020-03-30T18:52:46","date_gmt":"2020-03-30T18:52:46","guid":{"rendered":"http:\/\/ortshandwerkerneetze.de\/?page_id=17"},"modified":"2026-01-19T19:39:36","modified_gmt":"2026-01-19T19:39:36","slug":"betriebe","status":"publish","type":"page","link":"https:\/\/ortshandwerkerneetze.de\/?page_id=17","title":{"rendered":"Betriebe"},"content":{"rendered":"\n<p><a href=\"https:\/\/ortshandwerkerneetze.de\/?page_id=112\" data-type=\"page\" data-id=\"17\">Baugesch\u00e4ft Heinz Schumacher<\/a><\/p>\n\n\n\n<p><a href=\"http:\/\/www.birkenhof-neetze.de\">Lebensgemeinschaft Birkenhof e.V. mit Werkst\u00e4tten<\/a><\/p>\n\n\n\n<p><\/p>\n\n\n\n<p><a href=\"https:\/\/ortshandwerkerneetze.de\/?page_id=122\" data-type=\"page\" data-id=\"122\">Bryndel Elektrotechnik<\/a><\/p>\n\n\n\n<p><a rel=\"noreferrer noopener\" href=\"http:\/\/www.dedischler.de\" target=\"_blank\">DeDischler<\/a> Tischlerei<\/p>\n\n\n\n<p><a href=\"https:\/\/ortshandwerkerneetze.de\/?page_id=74\" target=\"_blank\" rel=\"noreferrer noopener\">Detje Zimmerei<\/a><\/p>\n\n\n\n<p><a href=\"http:\/\/www.schlosserei-dewald.de\" target=\"_blank\" rel=\"noreferrer noopener\">Dewald Schlosserei<\/a><\/p>\n\n\n\n<p><\/p>\n\n\n\n<p><a href=\"http:\/\/www.maler-gaebel.de\" target=\"_blank\" rel=\"noreferrer noopener\">G\u00e4bel Maler und Lackierer<\/a><\/p>\n\n\n\n<p><a href=\"https:\/\/www.gericke-elektrotechnik.de\">Gericke Elektrotechnik<\/a><\/p>\n\n\n\n<p><a href=\"https:\/\/ortshandwerkerneetze.de\/?page_id=125\" data-type=\"page\" data-id=\"125\">Hansen Brunnenbau<\/a><\/p>\n\n\n\n<p><a rel=\"noreferrer noopener\" href=\"http:\/\/www.karbach-bedachung.de\" target=\"_blank\">Karbach Bedachung<\/a> Dachdeckerei und Klempnerei<\/p>\n\n\n\n<p><\/p>\n\n\n\n<p><a href=\"https:\/\/ortshandwerkerneetze.de\/?page_id=49\" target=\"_blank\" rel=\"noreferrer noopener\">Kruse Korbmacherei<\/a><\/p>\n\n\n\n<p><a href=\"https:\/\/ortshandwerkerneetze.de\/?page_id=84\" target=\"_blank\" rel=\"noreferrer noopener\">Reimers Maurermeister<\/a><\/p>\n\n\n\n<p><a href=\"https:\/\/ortshandwerkerneetze.de\/?page_id=128\" data-type=\"page\" data-id=\"128\">Sander Landschlachterei<\/a><\/p>\n\n\n\n<p><a href=\"http:\/\/www.sascha-steffens.de\" target=\"_blank\" rel=\"noreferrer noopener\">Steffens<\/a> Heizungstechnik<\/p>\n\n\n\n<p><a href=\"https:\/\/ortshandwerkerneetze.de\/?page_id=116\" data-type=\"page\" data-id=\"17\">Wick Montagebau<\/a><\/p>\n\n\n\n<p><\/p>\n","protected":false},"excerpt":{"rendered":"<p>Baugesch\u00e4ft Heinz Schumacher Lebensgemeinschaft Birkenhof e.V. mit Werkst\u00e4tten Bryndel Elektrotechnik DeDischler Tischlerei Detje Zimmerei Dewald Schlosserei G\u00e4bel Maler und Lackierer Gericke Elektrotechnik Hansen Brunnenbau Karbach Bedachung Dachdeckerei und Klempnerei Kruse Korbmacherei Reimers Maurermeister Sander Landschlachterei Steffens Heizungstechnik Wick Montagebau<\/p>\n","protected":false},"author":1,"featured_media":0,"parent":0,"menu_order":0,"comment_status":"closed","ping_status":"closed","template":"","meta":{"footnotes":""},"class_list":["post-17","page","type-page","status-publish","hentry","post-preview"],"_links":{"self":[{"href":"https:\/\/ortshandwerkerneetze.de\/index.php?rest_route=\/wp\/v2\/pages\/17","targetHints":{"allow":["GET"]}}],"collection":[{"href":"https:\/\/ortshandwerkerneetze.de\/index.php?rest_route=\/wp\/v2\/pages"}],"about":[{"href":"https:\/\/ortshandwerkerneetze.de\/index.php?rest_route=\/wp\/v2\/types\/page"}],"author":[{"embeddable":true,"href":"https:\/\/ortshandwerkerneetze.de\/index.php?rest_route=\/wp\/v2\/users\/1"}],"replies":[{"embeddable":true,"href":"https:\/\/ortshandwerkerneetze.de\/index.php?rest_route=%2Fwp%2Fv2%2Fcomments&post=17"}],"version-history":[{"count":28,"href":"https:\/\/ortshandwerkerneetze.de\/index.php?rest_route=\/wp\/v2\/pages\/17\/revisions"}],"predecessor-version":[{"id":133,"href":"https:\/\/ortshandwerkerneetze.de\/index.php?rest_route=\/wp\/v2\/pages\/17\/revisions\/133"}],"wp:attachment":[{"href":"https:\/\/ortshandwerkerneetze.de\/index.php?rest_route=%2Fwp%2Fv2%2Fmedia&parent=17"}],"curies":[{"name":"wp","href":"https:\/\/api.w.org\/{rel}","templated":true}]}}