{"id":24,"date":"2020-03-30T19:04:02","date_gmt":"2020-03-30T19:04:02","guid":{"rendered":"http:\/\/ortshandwerkerneetze.de\/?page_id=24"},"modified":"2026-03-08T19:14:32","modified_gmt":"2026-03-08T19:14:32","slug":"vorstand","status":"publish","type":"page","link":"https:\/\/ortshandwerkerneetze.de\/?page_id=24","title":{"rendered":"Vorstand"},"content":{"rendered":"\n<p>1. Vorsitzender: Alexander Karbach<\/p>\n\n\n\n<p>2. Vorsitzender: Frank G\u00e4bel<\/p>\n\n\n\n<p>Kassenwart: Ralf Schierwater<\/p>\n\n\n\n<p>Schriftf\u00fchrer: Sascha Steffens<\/p>\n\n\n\n<p>Der Vorstand wurde gew\u00e4hlt am 27.02.2026.<\/p>\n\n\n\n<p><\/p>\n","protected":false},"excerpt":{"rendered":"<p>1. Vorsitzender: Alexander Karbach 2. Vorsitzender: Frank G\u00e4bel Kassenwart: Ralf Schierwater Schriftf\u00fchrer: Sascha Steffens Der Vorstand wurde gew\u00e4hlt am 27.02.2026.<\/p>\n","protected":false},"author":1,"featured_media":0,"parent":0,"menu_order":0,"comment_status":"closed","ping_status":"closed","template":"","meta":{"footnotes":""},"class_list":["post-24","page","type-page","status-publish","hentry","post-preview"],"_links":{"self":[{"href":"https:\/\/ortshandwerkerneetze.de\/index.php?rest_route=\/wp\/v2\/pages\/24","targetHints":{"allow":["GET"]}}],"collection":[{"href":"https:\/\/ortshandwerkerneetze.de\/index.php?rest_route=\/wp\/v2\/pages"}],"about":[{"href":"https:\/\/ortshandwerkerneetze.de\/index.php?rest_route=\/wp\/v2\/types\/page"}],"author":[{"embeddable":true,"href":"https:\/\/ortshandwerkerneetze.de\/index.php?rest_route=\/wp\/v2\/users\/1"}],"replies":[{"embeddable":true,"href":"https:\/\/ortshandwerkerneetze.de\/index.php?rest_route=%2Fwp%2Fv2%2Fcomments&post=24"}],"version-history":[{"count":3,"href":"https:\/\/ortshandwerkerneetze.de\/index.php?rest_route=\/wp\/v2\/pages\/24\/revisions"}],"predecessor-version":[{"id":140,"href":"https:\/\/ortshandwerkerneetze.de\/index.php?rest_route=\/wp\/v2\/pages\/24\/revisions\/140"}],"wp:attachment":[{"href":"https:\/\/ortshandwerkerneetze.de\/index.php?rest_route=%2Fwp%2Fv2%2Fmedia&parent=24"}],"curies":[{"name":"wp","href":"https:\/\/api.w.org\/{rel}","templated":true}]}}